{"id":1183,"date":"2026-01-19T09:38:19","date_gmt":"2026-01-19T12:38:19","guid":{"rendered":"https:\/\/sptequipamentosdesondagem.com.br\/loja\/?post_type=product&#038;p=1183"},"modified":"2026-01-19T15:22:59","modified_gmt":"2026-01-19T18:22:59","slug":"tripe-de-sondagem-sem-sarilho-com-roldana-e-moitao","status":"publish","type":"product","link":"https:\/\/sptequipamentosdesondagem.com.br\/loja\/produto\/tripe-de-sondagem-sem-sarilho-com-roldana-e-moitao\/","title":{"rendered":"Trip\u00e9 de Sondagem sem sarilho, com Roldana e Moit\u00e3o"},"content":{"rendered":"<p>Cont\u00e9m:<\/p>\n<p>01- Trip\u00e9 c\/ emenda, sem sarilho com roldana e moit\u00e3o de 3 roldanas, (N\u00e3o acompanha corda)<\/p>\n<p>&nbsp;<\/p>\n<p>&nbsp;<\/p>\n","protected":false},"excerpt":{"rendered":"<p>Frete a consultar com vendedor<\/p>\n<p>marcelo@sptequipamentosdesondagem.com.br<\/p>\n<p>Formas de pagamento:<br \/>\nTransfer\u00eancia Bancaria<br \/>\nBoleto avista<br \/>\nAt\u00e9 12 X cart\u00e3o de credito com juros da operadora\u00a0 \u00a0 \u00a0 \u00a0 \u00a0 \u00a0 \u00a0 \u00a0 \u00a0 \u00a0 \u00a0 \u00a0 \u00a0 \u00a0 \u00a0 \u00a0 \u00a0 \u00a0 \u00a0 \u00a0 \u00a0 \u00a0 \u00a0 \u00a0 \u00a0 \u00a0 \u00a0 \u00a0 \u00a0 \u00a0 \u00a0 \u00a0 \u00a0 \u00a0 \u00a0 \u00a0 \u00a0 \u00a0 \u00a0 \u00a0 \u00a0 \u00a0 \u00a0 \u00a0 \u00a0 \u00a0 \u00a0 \u00a0 \u00a0 \u00a0 \u00a0 \u00a0 \u00a0 \u00a0 \u00a0 Mercado Pago<\/p>\n","protected":false},"featured_media":1188,"template":"","meta":[],"product_cat":[19],"product_tag":[],"_links":{"self":[{"href":"https:\/\/sptequipamentosdesondagem.com.br\/loja\/wp-json\/wp\/v2\/product\/1183"}],"collection":[{"href":"https:\/\/sptequipamentosdesondagem.com.br\/loja\/wp-json\/wp\/v2\/product"}],"about":[{"href":"https:\/\/sptequipamentosdesondagem.com.br\/loja\/wp-json\/wp\/v2\/types\/product"}],"wp:featuredmedia":[{"embeddable":true,"href":"https:\/\/sptequipamentosdesondagem.com.br\/loja\/wp-json\/wp\/v2\/media\/1188"}],"wp:attachment":[{"href":"https:\/\/sptequipamentosdesondagem.com.br\/loja\/wp-json\/wp\/v2\/media?parent=1183"}],"wp:term":[{"taxonomy":"product_cat","embeddable":true,"href":"https:\/\/sptequipamentosdesondagem.com.br\/loja\/wp-json\/wp\/v2\/product_cat?post=1183"},{"taxonomy":"product_tag","embeddable":true,"href":"https:\/\/sptequipamentosdesondagem.com.br\/loja\/wp-json\/wp\/v2\/product_tag?post=1183"}],"curies":[{"name":"wp","href":"https:\/\/api.w.org\/{rel}","templated":true}]}}