{"id":115,"date":"2018-11-08T13:35:23","date_gmt":"2018-11-08T15:35:23","guid":{"rendered":"https:\/\/sptequipamentosdesondagem.com.br\/loja\/?post_type=product&#038;p=115"},"modified":"2026-03-26T07:34:23","modified_gmt":"2026-03-26T10:34:23","slug":"manivela-do-tripe","status":"publish","type":"product","link":"https:\/\/sptequipamentosdesondagem.com.br\/loja\/produto\/manivela-do-tripe\/","title":{"rendered":"Manivela do trip\u00e9"},"content":{"rendered":"<p>02 P\u00e7s Manivela do trip\u00e9<\/p>\n","protected":false},"excerpt":{"rendered":"<p>Frete a consultar com vendedor<\/p>\n<p>marcelo@sptequipamentosdesondagem.com.br<\/p>\n<p>Formas de pagamento:<br \/>\nTransfer\u00eancia Bancaria<br \/>\nBoleto avista<br \/>\nAt\u00e9 12 X cart\u00e3o de credito com juros da operadora\u00a0 \u00a0 \u00a0 \u00a0 \u00a0 \u00a0 \u00a0 \u00a0 \u00a0 \u00a0 \u00a0 \u00a0 \u00a0 \u00a0 \u00a0 \u00a0 \u00a0 \u00a0 \u00a0 \u00a0 \u00a0 \u00a0 \u00a0 \u00a0 \u00a0 \u00a0 \u00a0 \u00a0 \u00a0 \u00a0 \u00a0 \u00a0 \u00a0 \u00a0 \u00a0 \u00a0 \u00a0 \u00a0 \u00a0 \u00a0 \u00a0 \u00a0 \u00a0 \u00a0 \u00a0 \u00a0 \u00a0 \u00a0 \u00a0 \u00a0 \u00a0 \u00a0 \u00a0 \u00a0 \u00a0 Mercado Pago<\/p>\n","protected":false},"featured_media":979,"template":"","meta":[],"product_cat":[19],"product_tag":[],"_links":{"self":[{"href":"https:\/\/sptequipamentosdesondagem.com.br\/loja\/wp-json\/wp\/v2\/product\/115"}],"collection":[{"href":"https:\/\/sptequipamentosdesondagem.com.br\/loja\/wp-json\/wp\/v2\/product"}],"about":[{"href":"https:\/\/sptequipamentosdesondagem.com.br\/loja\/wp-json\/wp\/v2\/types\/product"}],"wp:featuredmedia":[{"embeddable":true,"href":"https:\/\/sptequipamentosdesondagem.com.br\/loja\/wp-json\/wp\/v2\/media\/979"}],"wp:attachment":[{"href":"https:\/\/sptequipamentosdesondagem.com.br\/loja\/wp-json\/wp\/v2\/media?parent=115"}],"wp:term":[{"taxonomy":"product_cat","embeddable":true,"href":"https:\/\/sptequipamentosdesondagem.com.br\/loja\/wp-json\/wp\/v2\/product_cat?post=115"},{"taxonomy":"product_tag","embeddable":true,"href":"https:\/\/sptequipamentosdesondagem.com.br\/loja\/wp-json\/wp\/v2\/product_tag?post=115"}],"curies":[{"name":"wp","href":"https:\/\/api.w.org\/{rel}","templated":true}]}}