{"id":214,"date":"2018-11-27T09:41:50","date_gmt":"2018-11-27T11:41:50","guid":{"rendered":"https:\/\/sptequipamentosdesondagem.com.br\/loja\/?page_id=214"},"modified":"2025-08-18T15:55:14","modified_gmt":"2025-08-18T18:55:14","slug":"materiais","status":"publish","type":"page","link":"https:\/\/sptequipamentosdesondagem.com.br\/loja\/materiais\/","title":{"rendered":"Materiais"},"content":{"rendered":"<h3>LISTA COMPLETA DE MATERIAIS PARA EXECU\u00c7\u00c3O DE SONDAGEM A PERCUSS\u00c3O SPT<\/h3>\n<ul class=\"list-unstyled\">\n<li style=\"list-style-type: none;\">\n<ul class=\"list-unstyled\">\n<li class=\"list-unstyled-item\"><a href=\"https:\/\/sptequipamentosdesondagem.com.br\/loja\/produto\/tripe-com-sarrilho-manual-e-trava-de-seguranca\/\" target=\"_blank\" rel=\"noopener\">1 Trip\u00e9 bipartido com sarrilho manual, Manivelas, Trava de seguran\u00e7a, Roldana<\/a><\/li>\n<\/ul>\n<\/li>\n<\/ul>\n<ul class=\"list-unstyled\">\n<li style=\"list-style-type: none;\">\n<ul class=\"list-unstyled\">\n<li class=\"list-unstyled-item\"><a href=\"https:\/\/sptequipamentosdesondagem.com.br\/loja\/produto\/amostrador-padrao-spt-com-bico-e-valvula\/\" target=\"_blank\" rel=\"noopener\">1 Amostrador Padr\u00e3o SPT com bico e valvula<\/a><\/li>\n<li>1 Bico do amostrador (reseva)<\/li>\n<\/ul>\n<\/li>\n<\/ul>\n<ul class=\"list-unstyled\">\n<li style=\"list-style-type: none;\">\n<ul class=\"list-unstyled\">\n<li class=\"list-unstyled-item\"><a href=\"https:\/\/sptequipamentosdesondagem.com.br\/loja\/produto\/bica-de-lavagem-2-1-2\/\" target=\"_blank\" rel=\"noopener\">1 Bica de lavagem 2.1\/2<\/a><\/li>\n<\/ul>\n<\/li>\n<\/ul>\n<ul class=\"list-unstyled\">\n<li style=\"list-style-type: none;\">\n<ul class=\"list-unstyled\">\n<li class=\"list-unstyled-item\"><a href=\"https:\/\/sptequipamentosdesondagem.com.br\/loja\/produto\/bomba-balde-para-revestimento\/\" target=\"_blank\" rel=\"noopener\">1 Bomba balde para revestimento<\/a><\/li>\n<\/ul>\n<\/li>\n<\/ul>\n<ul class=\"list-unstyled\">\n<li style=\"list-style-type: none;\">\n<ul class=\"list-unstyled\">\n<li class=\"list-unstyled-item\"><a href=\"https:\/\/sptequipamentosdesondagem.com.br\/loja\/produto\/cabeca-de-bater-para-haste-1\/\" target=\"_blank\" rel=\"noopener\">1 Cabe\u00e7a de bater para haste 1&#8221;<\/a><\/li>\n<\/ul>\n<\/li>\n<\/ul>\n<ul class=\"list-unstyled\">\n<li style=\"list-style-type: none;\">\n<ul class=\"list-unstyled\">\n<li class=\"list-unstyled-item\"><a href=\"https:\/\/sptequipamentosdesondagem.com.br\/loja\/produto\/cabeca-de-bater-para-revestimento-2-1-2\/\" target=\"_blank\" rel=\"noopener\">1 Cabe\u00e7a de bater para revestimento 2.1\/2<\/a><\/li>\n<\/ul>\n<\/li>\n<\/ul>\n<ul class=\"list-unstyled\">\n<li style=\"list-style-type: none;\">\n<ul class=\"list-unstyled\">\n<li class=\"list-unstyled-item\"><a href=\"https:\/\/sptequipamentosdesondagem.com.br\/loja\/produto\/chave-de-alcar-para-haste-1\/\" target=\"_blank\" rel=\"noopener\">2 Chave de al\u00e7ar para haste 1&#8221;<\/a><\/li>\n<\/ul>\n<\/li>\n<\/ul>\n<ul class=\"list-unstyled\">\n<li style=\"list-style-type: none;\">\n<ul class=\"list-unstyled\">\n<li class=\"list-unstyled-item\"><a href=\"https:\/\/sptequipamentosdesondagem.com.br\/loja\/produto\/chifre-de-bode-para-haste-1\/\" target=\"_blank\" rel=\"noopener\">1 Chifre de bode para haste 1&#8221;<\/a><\/li>\n<\/ul>\n<\/li>\n<\/ul>\n<ul class=\"list-unstyled\">\n<li style=\"list-style-type: none;\">\n<ul class=\"list-unstyled\">\n<li class=\"list-unstyled-item\"><a href=\"https:\/\/sptequipamentosdesondagem.com.br\/loja\/produto\/cruzeta-para-haste-1\/\" target=\"_blank\" rel=\"noopener\">1 Cruzeta giratoria para haste 1&#8221;<\/a><\/li>\n<\/ul>\n<\/li>\n<\/ul>\n<ul class=\"list-unstyled\">\n<li style=\"list-style-type: none;\">\n<ul class=\"list-unstyled\">\n<li class=\"list-unstyled-item\"><a href=\"https:\/\/sptequipamentosdesondagem.com.br\/loja\/produto\/elevador-giratorio-para-revestimento-2-1-2\/\" target=\"_blank\" rel=\"noopener\">1 Elevador girat\u00f3rio para revestimento 2.1\/2<\/a><\/li>\n<\/ul>\n<\/li>\n<\/ul>\n<ul class=\"list-unstyled\">\n<li style=\"list-style-type: none;\">\n<ul class=\"list-unstyled\">\n<li class=\"list-unstyled-item\"><a href=\"https:\/\/sptequipamentosdesondagem.com.br\/loja\/produto\/elevador-giratorio-para-haste-1\/\" target=\"_blank\" rel=\"noopener\">1 Elevador girat\u00f3rio duplo para haste 1&#8221;<\/a><\/li>\n<\/ul>\n<\/li>\n<\/ul>\n<ul class=\"list-unstyled\">\n<li style=\"list-style-type: none;\">\n<ul class=\"list-unstyled\">\n<li class=\"list-unstyled-item\">14 Haste 1&#8221;x 2 mts com 1 luva cada<\/li>\n<\/ul>\n<\/li>\n<\/ul>\n<ul class=\"list-unstyled\">\n<li style=\"list-style-type: none;\">\n<ul class=\"list-unstyled\">\n<li class=\"list-unstyled-item\">2 Haste 1&#8221;x 1 mt com 1 luva cada<\/li>\n<\/ul>\n<\/li>\n<\/ul>\n<ul class=\"list-unstyled\">\n<li style=\"list-style-type: none;\">\n<ul class=\"list-unstyled\">\n<li class=\"list-unstyled-item\">7 Revestimento 2.1\/2 x 2 mts com uma luva cada<\/li>\n<\/ul>\n<\/li>\n<\/ul>\n<ul class=\"list-unstyled\">\n<li style=\"list-style-type: none;\">\n<ul class=\"list-unstyled\">\n<li class=\"list-unstyled-item\">2 Revestimento 2.1\/2 x 1 mt com uma luva cada<\/li>\n<\/ul>\n<\/li>\n<\/ul>\n<ul class=\"list-unstyled\">\n<li style=\"list-style-type: none;\">\n<ul class=\"list-unstyled\">\n<li class=\"list-unstyled-item\"><a href=\"https:\/\/sptequipamentosdesondagem.com.br\/loja\/produto\/pescador-macho-para-revestimento-2-1-2\/\" target=\"_blank\" rel=\"noopener\">1 Pescador macho para revestimento 2.1\/2<\/a><\/li>\n<\/ul>\n<\/li>\n<\/ul>\n<ul class=\"list-unstyled\">\n<li style=\"list-style-type: none;\">\n<ul class=\"list-unstyled\">\n<li class=\"list-unstyled-item\"><a href=\"https:\/\/sptequipamentosdesondagem.com.br\/loja\/produto\/pescador-macho-para-haste-1\/\" target=\"_blank\" rel=\"noopener\">1 Pescador macho para haste 1&#8221;<\/a><\/li>\n<\/ul>\n<\/li>\n<\/ul>\n<ul class=\"list-unstyled\">\n<li style=\"list-style-type: none;\">\n<ul class=\"list-unstyled\">\n<li class=\"list-unstyled-item\"><a href=\"https:\/\/sptequipamentosdesondagem.com.br\/loja\/produto\/peso-padrao-65-kg\/\" target=\"_blank\" rel=\"noopener\">1 Peso padr\u00e3o 65kg com coxim e haste guia<\/a><\/li>\n<\/ul>\n<\/li>\n<\/ul>\n<ul class=\"list-unstyled\">\n<li style=\"list-style-type: none;\">\n<ul class=\"list-unstyled\">\n<li class=\"list-unstyled-item\">1 Saca tubos 35kg 2.1\/2 com al\u00e7a<\/li>\n<\/ul>\n<\/li>\n<\/ul>\n<ul class=\"list-unstyled\">\n<li style=\"list-style-type: none;\">\n<ul class=\"list-unstyled\">\n<li class=\"list-unstyled-item\">1 Sapata cortante para revestimento 2.1\/2<\/li>\n<\/ul>\n<\/li>\n<\/ul>\n<ul class=\"list-unstyled\">\n<li style=\"list-style-type: none;\">\n<ul class=\"list-unstyled\">\n<li class=\"list-unstyled-item\">1 Lamina de lavagem (tr\u00e9pano) para revestimento 2.1\/2<\/li>\n<\/ul>\n<\/li>\n<\/ul>\n<ul class=\"list-unstyled\">\n<li style=\"list-style-type: none;\">\n<ul class=\"list-unstyled\">\n<li class=\"list-unstyled-item\"><a href=\"https:\/\/sptequipamentosdesondagem.com.br\/loja\/produto\/trado-helicoidal-2-1-4\/\" target=\"_blank\" rel=\"noopener\">1 Trado Helicoidal 2.1\/4<\/a><\/li>\n<\/ul>\n<\/li>\n<\/ul>\n<ul class=\"list-unstyled\">\n<li style=\"list-style-type: none;\">\n<ul class=\"list-unstyled\">\n<li class=\"list-unstyled-item\">1 Trado tipo concha 4&#8221; com cruzeta<\/li>\n<\/ul>\n<\/li>\n<\/ul>\n<ul class=\"list-unstyled\">\n<li style=\"list-style-type: none;\">\n<ul class=\"list-unstyled\">\n<li class=\"list-unstyled-item\"><a href=\"https:\/\/sptequipamentosdesondagem.com.br\/loja\/produto\/disco-saca-tubo-para-haste-1\/\" target=\"_blank\" rel=\"noopener\">1 Disco saca tubo para haste 1<\/a><\/li>\n<\/ul>\n<\/li>\n<\/ul>\n<ul class=\"list-unstyled\">\n<li style=\"list-style-type: none;\">\n<ul class=\"list-unstyled\">\n<li class=\"list-unstyled-item\"><a href=\"https:\/\/sptequipamentosdesondagem.com.br\/loja\/produto\/pio-de-sondagem-apito-para-nivel-dagua\/\" target=\"_blank\" rel=\"noopener\">1 Pio de sondagem para nivel de agua<\/a><\/li>\n<\/ul>\n<\/li>\n<\/ul>\n<ul class=\"list-unstyled\">\n<li style=\"list-style-type: none;\">\n<ul class=\"list-unstyled\">\n<li class=\"list-unstyled-item\">1 Cabo de a\u00e7o 5\/16 x 12 mts com grampo e manilha<\/li>\n<\/ul>\n<\/li>\n<\/ul>\n<ul class=\"list-unstyled\">\n<li class=\"list-unstyled-item\"><a href=\"https:\/\/sptequipamentosdesondagem.com.br\/loja\/produto\/motor-gasolina-65-acoplado-com-bomba-fal-mod-fae-50-de-2\/\" target=\"_blank\" rel=\"noopener\">1 Conjunto de motor gasolina Branco 5,5 hp com bomba FAL modelo FAE 50 2&#8243; com gaxeta, acoplado sobre chassi com mangueiras e conex\u00f5es<\/a><\/li>\n<\/ul>\n<h4 class=\"product_title entry-title\"><a href=\"https:\/\/sptequipamentosdesondagem.com.br\/loja\/produto\/conjunto-completo-spt\/\" target=\"_blank\" rel=\"noopener\">Conjunto completo SPT<\/a><\/h4>\n\n\n<p><\/p>\n","protected":false},"excerpt":{"rendered":"<p>LISTA COMPLETA DE MATERIAIS PARA EXECU\u00c7\u00c3O DE SONDAGEM A PERCUSS\u00c3O SPT 1 Trip\u00e9 bipartido com sarrilho manual, Manivelas, Trava de seguran\u00e7a, Roldana 1 Amostrador Padr\u00e3o SPT com bico e valvula 1 Bico do amostrador (reseva) 1 Bica de lavagem 2.1\/2 1 Bomba balde para revestimento 1 Cabe\u00e7a de bater para haste 1&#8221; 1 Cabe\u00e7a de [&hellip;]<\/p>\n","protected":false},"author":1,"featured_media":0,"parent":0,"menu_order":0,"comment_status":"closed","ping_status":"closed","template":"","meta":{"footnotes":""},"_links":{"self":[{"href":"https:\/\/sptequipamentosdesondagem.com.br\/loja\/wp-json\/wp\/v2\/pages\/214"}],"collection":[{"href":"https:\/\/sptequipamentosdesondagem.com.br\/loja\/wp-json\/wp\/v2\/pages"}],"about":[{"href":"https:\/\/sptequipamentosdesondagem.com.br\/loja\/wp-json\/wp\/v2\/types\/page"}],"author":[{"embeddable":true,"href":"https:\/\/sptequipamentosdesondagem.com.br\/loja\/wp-json\/wp\/v2\/users\/1"}],"replies":[{"embeddable":true,"href":"https:\/\/sptequipamentosdesondagem.com.br\/loja\/wp-json\/wp\/v2\/comments?post=214"}],"version-history":[{"count":10,"href":"https:\/\/sptequipamentosdesondagem.com.br\/loja\/wp-json\/wp\/v2\/pages\/214\/revisions"}],"predecessor-version":[{"id":1156,"href":"https:\/\/sptequipamentosdesondagem.com.br\/loja\/wp-json\/wp\/v2\/pages\/214\/revisions\/1156"}],"wp:attachment":[{"href":"https:\/\/sptequipamentosdesondagem.com.br\/loja\/wp-json\/wp\/v2\/media?parent=214"}],"curies":[{"name":"wp","href":"https:\/\/api.w.org\/{rel}","templated":true}]}}